{"id":97,"date":"2015-11-04T21:57:51","date_gmt":"2015-11-04T20:57:51","guid":{"rendered":"http:\/\/localhost\/albeautour\/?page_id=97"},"modified":"2025-10-09T20:50:12","modified_gmt":"2025-10-09T19:50:12","slug":"apres-midi-jeux","status":"publish","type":"page","link":"https:\/\/albeautour.asso.st\/index.php\/apres-midi-jeux\/","title":{"rendered":"Apr\u00e8s-midi jeux"},"content":{"rendered":"\n<p class=\"has-text-align-center\">A tous les amateurs de jeux et de convivialit\u00e9, petits et grands,<br> un <a href=\"https:\/\/albeautour.asso.st\/index.php\/2025\/10\/09\/apres-midi-jeux-3\/\">nouvel apr\u00e8s-midi jeux<\/a> est prochainement organis\u00e9.<\/p>\n\n\n\n<p class=\"has-text-align-center\"><em>Dimanche 12 octobre 2025 de 15h00 \u00e0 18h00, salle du Muguet (espace Beautour)<br><br><\/em><\/p>\n\n\n\n<p class=\"has-text-align-center\">Apportez votre jeu de soci\u00e9t\u00e9 pr\u00e9f\u00e9r\u00e9 et venez vous amuser<br>\nNous partagerons tous ensemble un go\u00fbter et un bon moment de convivialit\u00e9,<br>\nune belle occasion de se rencontrer pour les enfants et les parents des \u00e9coles Henri Lesage !<\/p>\n\n\n\n<p class=\"has-text-align-center\"><span style=\"color: #0000ff;\"><strong>A vous de jouer !<\/strong><\/span><\/p>\n\n\n<div class=\"wp-block-image\">\n<figure class=\"aligncenter\"><a href=\"http:\/\/albeautour.asso.st\/wp-content\/uploads\/2015\/11\/jeux-de-societe.jpg\"><img loading=\"lazy\" decoding=\"async\" width=\"300\" height=\"236\" src=\"http:\/\/albeautour.asso.st\/wp-content\/uploads\/2015\/11\/jeux-de-societe-300x236.jpg\" alt=\"jeux-de-societe\" class=\"wp-image-117\" srcset=\"https:\/\/albeautour.asso.st\/wp-content\/uploads\/2015\/11\/jeux-de-societe-300x236.jpg 300w, https:\/\/albeautour.asso.st\/wp-content\/uploads\/2015\/11\/jeux-de-societe.jpg 589w\" sizes=\"auto, (max-width: 300px) 100vw, 300px\" \/><\/a><\/figure>\n<\/div>\n\n\n<p class=\"has-text-align-center\"><\/p>\n","protected":false},"excerpt":{"rendered":"<p>A tous les amateurs de jeux et de convivialit\u00e9, petits et grands, un nouvel apr\u00e8s-midi jeux est prochainement organis\u00e9. Dimanche 12 octobre 2025 de 15h00 \u00e0 18h00, salle du Muguet (espace Beautour) Apportez votre jeu de soci\u00e9t\u00e9 pr\u00e9f\u00e9r\u00e9 et venez&#8230; <a class=\"more-link\" href=\"https:\/\/albeautour.asso.st\/index.php\/apres-midi-jeux\/\">Continue Reading &rarr;<\/a><\/p>\n","protected":false},"author":1,"featured_media":0,"parent":0,"menu_order":0,"comment_status":"closed","ping_status":"closed","template":"","meta":{"footnotes":""},"class_list":["post-97","page","type-page","status-publish","hentry"],"_links":{"self":[{"href":"https:\/\/albeautour.asso.st\/index.php\/wp-json\/wp\/v2\/pages\/97","targetHints":{"allow":["GET"]}}],"collection":[{"href":"https:\/\/albeautour.asso.st\/index.php\/wp-json\/wp\/v2\/pages"}],"about":[{"href":"https:\/\/albeautour.asso.st\/index.php\/wp-json\/wp\/v2\/types\/page"}],"author":[{"embeddable":true,"href":"https:\/\/albeautour.asso.st\/index.php\/wp-json\/wp\/v2\/users\/1"}],"replies":[{"embeddable":true,"href":"https:\/\/albeautour.asso.st\/index.php\/wp-json\/wp\/v2\/comments?post=97"}],"version-history":[{"count":13,"href":"https:\/\/albeautour.asso.st\/index.php\/wp-json\/wp\/v2\/pages\/97\/revisions"}],"predecessor-version":[{"id":1257,"href":"https:\/\/albeautour.asso.st\/index.php\/wp-json\/wp\/v2\/pages\/97\/revisions\/1257"}],"wp:attachment":[{"href":"https:\/\/albeautour.asso.st\/index.php\/wp-json\/wp\/v2\/media?parent=97"}],"curies":[{"name":"wp","href":"https:\/\/api.w.org\/{rel}","templated":true}]}}