{"id":79,"date":"2015-11-04T15:48:00","date_gmt":"2015-11-04T14:48:00","guid":{"rendered":"http:\/\/localhost\/albeautour\/?page_id=79"},"modified":"2025-10-09T20:48:45","modified_gmt":"2025-10-09T19:48:45","slug":"vente-de-brioches","status":"publish","type":"page","link":"https:\/\/albeautour.asso.st\/index.php\/nos-evenements\/vente-de-brioches\/","title":{"rendered":"Vente de brioches"},"content":{"rendered":"\n<p class=\"has-text-align-left\"><span style=\"color: #000000;\"><span style=\"color: #000000;\">Une pause douceur au petit-d\u00e9j&rsquo; ou au go\u00fbter, <\/span><span style=\"color: #000000;\">une tranche de brioche est toujours appr\u00e9ci\u00e9e !<\/span><\/span><\/p>\n\n\n\n<h5 class=\"wp-block-heading\"><figure><a href=\"http:\/\/albeautour.asso.st\/wp-content\/uploads\/2015\/11\/brioche.jpg\"><img loading=\"lazy\" decoding=\"async\" class=\"alignleft size-medium wp-image-105\" src=\"http:\/\/albeautour.asso.st\/wp-content\/uploads\/2015\/11\/brioche-300x169.jpg\" alt=\"\" width=\"300\" height=\"169\" srcset=\"https:\/\/albeautour.asso.st\/wp-content\/uploads\/2015\/11\/brioche-300x169.jpg 300w, https:\/\/albeautour.asso.st\/wp-content\/uploads\/2015\/11\/brioche-1024x576.jpg 1024w, https:\/\/albeautour.asso.st\/wp-content\/uploads\/2015\/11\/brioche-945x532.jpg 945w, https:\/\/albeautour.asso.st\/wp-content\/uploads\/2015\/11\/brioche-600x338.jpg 600w, https:\/\/albeautour.asso.st\/wp-content\/uploads\/2015\/11\/brioche.jpg 1920w\" sizes=\"auto, (max-width: 300px) 100vw, 300px\" \/><\/a><\/figure><\/h5>\n\n\n\n<h5 class=\"wp-block-heading\"><span style=\"color: #ff6600;\">Prochaine distribution de brioches jeudi 06 novembre 2025<br><br><\/span><\/h5>\n\n\n\n<p class=\"has-text-align-center\">Commandes <a href=\"https:\/\/albeautour.asso.st\/index.php\/2025\/10\/08\/vente-de-brioches-octobre-2025\/\">ICI<\/a><\/p>\n\n\n\n<p><\/p>\n","protected":false},"excerpt":{"rendered":"<p>Une pause douceur au petit-d\u00e9j&rsquo; ou au go\u00fbter, une tranche de brioche est toujours appr\u00e9ci\u00e9e ! Prochaine distribution de brioches jeudi 06 novembre 2025 Commandes ICI<\/p>\n","protected":false},"author":1,"featured_media":0,"parent":23,"menu_order":0,"comment_status":"closed","ping_status":"closed","template":"","meta":{"footnotes":""},"class_list":["post-79","page","type-page","status-publish","hentry"],"_links":{"self":[{"href":"https:\/\/albeautour.asso.st\/index.php\/wp-json\/wp\/v2\/pages\/79","targetHints":{"allow":["GET"]}}],"collection":[{"href":"https:\/\/albeautour.asso.st\/index.php\/wp-json\/wp\/v2\/pages"}],"about":[{"href":"https:\/\/albeautour.asso.st\/index.php\/wp-json\/wp\/v2\/types\/page"}],"author":[{"embeddable":true,"href":"https:\/\/albeautour.asso.st\/index.php\/wp-json\/wp\/v2\/users\/1"}],"replies":[{"embeddable":true,"href":"https:\/\/albeautour.asso.st\/index.php\/wp-json\/wp\/v2\/comments?post=79"}],"version-history":[{"count":37,"href":"https:\/\/albeautour.asso.st\/index.php\/wp-json\/wp\/v2\/pages\/79\/revisions"}],"predecessor-version":[{"id":1256,"href":"https:\/\/albeautour.asso.st\/index.php\/wp-json\/wp\/v2\/pages\/79\/revisions\/1256"}],"up":[{"embeddable":true,"href":"https:\/\/albeautour.asso.st\/index.php\/wp-json\/wp\/v2\/pages\/23"}],"wp:attachment":[{"href":"https:\/\/albeautour.asso.st\/index.php\/wp-json\/wp\/v2\/media?parent=79"}],"curies":[{"name":"wp","href":"https:\/\/api.w.org\/{rel}","templated":true}]}}