{"id":671,"date":"2020-09-14T11:00:27","date_gmt":"2020-09-14T10:00:27","guid":{"rendered":"http:\/\/albeautour.asso.st\/?page_id=671"},"modified":"2023-01-23T14:31:26","modified_gmt":"2023-01-23T13:31:26","slug":"petites-annonces-henri-lesage","status":"publish","type":"page","link":"https:\/\/albeautour.asso.st\/index.php\/petites-annonces-henri-lesage\/","title":{"rendered":"Petites annonces"},"content":{"rendered":"\n<p><strong><span class=\"has-inline-color has-accent-color\">R\u00e9seautons \u00e0 Henri Lesage !<\/span><\/strong><\/p>\n\n\n\n<p class=\"has-small-font-size\">Cette page est destin\u00e9e \u00e0 mettre en relation les parents d&rsquo;\u00e9l\u00e8ves des \u00e9coles Henri Lesage pour les besoins quotidiens : covoiturage, baby-sitting, activit\u00e9s extra-scolaires, etc.<\/p>\n\n\n\n<p class=\"has-small-font-size\">Pour ajouter votre annonce, c&rsquo;est tr\u00e8s simple : envoyez-nous un e-mail via <a href=\"http:\/\/albeautour.asso.st\/index.php\/contact\/\" target=\"_blank\" rel=\"noreferrer noopener\">notre page contact<\/a> en pr\u00e9cisant votre besoin ou votre offre, et vos coordonn\u00e9es compl\u00e8tes. Nous publierons votre annonce le plus rapidement possible, seuls votre pr\u00e9nom et votre n\u00b0 de t\u00e9l\u00e9phone appara\u00eetront. Les parents d&rsquo;\u00e9l\u00e8ves int\u00e9ress\u00e9s pourront ainsi vous contacter directement.<\/p>\n\n\n\n<p style=\"font-size:14px\"><em>L&rsquo;ALB d\u00e9cline toute responsabilit\u00e9 quant aux contacts que vous pouvez obtenir suite \u00e0 la parution de votre annonce.<\/em><\/p>\n\n\n\n<pre class=\"wp-block-preformatted\">30\/08\/2022 - Atelier anglais\nL'association HELLOKIDS propose des ateliers d'anglais de la PS au CM2, les mercredis apr\u00e8s-midis et samedis matins, \u00e0 l'espace associatif Henri Lesage. D\u00e9but des ateliers en septembre, inscrivez-vous vite !\nRenseignements :\u00a0<strong><a rel=\"noreferrer noopener\" href=\"http:\/\/hellokids44.blogspot.com\/\" target=\"_blank\">hellokids44.blogspot.com<\/a><\/strong> ou Journ\u00e9e des associations le 03\/09\/2022\nFacebook : <strong><a rel=\"noreferrer noopener\" href=\"https:\/\/www.facebook.com\/HelloKids44\" target=\"_blank\">https:\/\/www.facebook.com\/HelloKids44<\/a><\/strong>\nContact : <strong><a rel=\"noreferrer noopener\" href=\"mailto:HelloKidsVertou44@gmail.com\" target=\"_blank\">HelloKidsVertou44@gmail.com<\/a><\/strong><\/pre>\n\n\n\n<p style=\"font-size:14px\"><em>Retrait de votre annonce : sur votre demande par e-mail ou \u00e0 la fin de l&rsquo;ann\u00e9e scolaire en cours.<\/em><\/p>\n","protected":false},"excerpt":{"rendered":"<p>R\u00e9seautons \u00e0 Henri Lesage ! Cette page est destin\u00e9e \u00e0 mettre en relation les parents d&rsquo;\u00e9l\u00e8ves des \u00e9coles Henri Lesage pour les besoins quotidiens : covoiturage, baby-sitting, activit\u00e9s extra-scolaires, etc. Pour ajouter votre annonce, c&rsquo;est tr\u00e8s simple : envoyez-nous un&#8230; <a class=\"more-link\" href=\"https:\/\/albeautour.asso.st\/index.php\/petites-annonces-henri-lesage\/\">Continue Reading &rarr;<\/a><\/p>\n","protected":false},"author":1,"featured_media":686,"parent":0,"menu_order":0,"comment_status":"closed","ping_status":"closed","template":"","meta":{"footnotes":""},"class_list":["post-671","page","type-page","status-publish","has-post-thumbnail","hentry"],"_links":{"self":[{"href":"https:\/\/albeautour.asso.st\/index.php\/wp-json\/wp\/v2\/pages\/671","targetHints":{"allow":["GET"]}}],"collection":[{"href":"https:\/\/albeautour.asso.st\/index.php\/wp-json\/wp\/v2\/pages"}],"about":[{"href":"https:\/\/albeautour.asso.st\/index.php\/wp-json\/wp\/v2\/types\/page"}],"author":[{"embeddable":true,"href":"https:\/\/albeautour.asso.st\/index.php\/wp-json\/wp\/v2\/users\/1"}],"replies":[{"embeddable":true,"href":"https:\/\/albeautour.asso.st\/index.php\/wp-json\/wp\/v2\/comments?post=671"}],"version-history":[{"count":24,"href":"https:\/\/albeautour.asso.st\/index.php\/wp-json\/wp\/v2\/pages\/671\/revisions"}],"predecessor-version":[{"id":1044,"href":"https:\/\/albeautour.asso.st\/index.php\/wp-json\/wp\/v2\/pages\/671\/revisions\/1044"}],"wp:featuredmedia":[{"embeddable":true,"href":"https:\/\/albeautour.asso.st\/index.php\/wp-json\/wp\/v2\/media\/686"}],"wp:attachment":[{"href":"https:\/\/albeautour.asso.st\/index.php\/wp-json\/wp\/v2\/media?parent=671"}],"curies":[{"name":"wp","href":"https:\/\/api.w.org\/{rel}","templated":true}]}}