{"id":28,"date":"2015-11-01T16:30:55","date_gmt":"2015-11-01T15:30:55","guid":{"rendered":"http:\/\/localhost\/albeautour\/?page_id=28"},"modified":"2020-09-13T15:32:35","modified_gmt":"2020-09-13T14:32:35","slug":"nos-actions","status":"publish","type":"page","link":"https:\/\/albeautour.asso.st\/index.php\/nos-actions\/","title":{"rendered":"Nos actions"},"content":{"rendered":"<p>Gr\u00e2ce&nbsp;\u00e0 une dotation \u00e0 toutes les classes de maternelle et d&rsquo;\u00e9l\u00e9mentaire en d\u00e9but d&rsquo;ann\u00e9e, il y a une participation presque syst\u00e9matique sur la majorit\u00e9 des sorties culturelles et sportives: USEP (rencontre sportive inter \u00e9coles), vivarium, Sentiers de Daims, expositions, rencontres d&rsquo;illustrateurs&#8230;<\/p>\n<p>Par exemple, en 2015 les CM sont partis en classe verte, &nbsp;l&rsquo;ALB a financ\u00e9 ce projet \u00e0 hauteur de 25% ; les cours de danse et de musique Africaine de l&rsquo;\u00e9cole maternelle ont aussi b\u00e9n\u00e9fici\u00e9 de la participation de l&rsquo;ALB et permis la gratuit\u00e9 pour les familles.<\/p>\n","protected":false},"excerpt":{"rendered":"<p>Gr\u00e2ce&nbsp;\u00e0 une dotation \u00e0 toutes les classes de maternelle et d&rsquo;\u00e9l\u00e9mentaire en d\u00e9but d&rsquo;ann\u00e9e, il y a une participation presque syst\u00e9matique sur la majorit\u00e9 des sorties culturelles et sportives: USEP (rencontre sportive inter \u00e9coles), vivarium, Sentiers de Daims, expositions, rencontres&#8230; <a class=\"more-link\" href=\"https:\/\/albeautour.asso.st\/index.php\/nos-actions\/\">Continue Reading &rarr;<\/a><\/p>\n","protected":false},"author":1,"featured_media":0,"parent":0,"menu_order":0,"comment_status":"closed","ping_status":"closed","template":"","meta":{"footnotes":""},"class_list":["post-28","page","type-page","status-publish","hentry"],"_links":{"self":[{"href":"https:\/\/albeautour.asso.st\/index.php\/wp-json\/wp\/v2\/pages\/28","targetHints":{"allow":["GET"]}}],"collection":[{"href":"https:\/\/albeautour.asso.st\/index.php\/wp-json\/wp\/v2\/pages"}],"about":[{"href":"https:\/\/albeautour.asso.st\/index.php\/wp-json\/wp\/v2\/types\/page"}],"author":[{"embeddable":true,"href":"https:\/\/albeautour.asso.st\/index.php\/wp-json\/wp\/v2\/users\/1"}],"replies":[{"embeddable":true,"href":"https:\/\/albeautour.asso.st\/index.php\/wp-json\/wp\/v2\/comments?post=28"}],"version-history":[{"count":5,"href":"https:\/\/albeautour.asso.st\/index.php\/wp-json\/wp\/v2\/pages\/28\/revisions"}],"predecessor-version":[{"id":679,"href":"https:\/\/albeautour.asso.st\/index.php\/wp-json\/wp\/v2\/pages\/28\/revisions\/679"}],"wp:attachment":[{"href":"https:\/\/albeautour.asso.st\/index.php\/wp-json\/wp\/v2\/media?parent=28"}],"curies":[{"name":"wp","href":"https:\/\/api.w.org\/{rel}","templated":true}]}}