{"id":19,"date":"2015-11-01T16:28:21","date_gmt":"2015-11-01T15:28:21","guid":{"rendered":"http:\/\/localhost\/albeautour\/?page_id=19"},"modified":"2024-11-12T21:58:58","modified_gmt":"2024-11-12T20:58:58","slug":"lamicale-laique","status":"publish","type":"page","link":"https:\/\/albeautour.asso.st\/index.php\/lamicale-laique\/","title":{"rendered":"L&rsquo;amicale la\u00efque"},"content":{"rendered":"<p><strong>Pr\u00e9sentation<\/strong><\/p>\n<p style=\"text-align: justify;\">Cr\u00e9\u00e9e en 1954, l&rsquo;Amicale La\u00efque de Beautour est une association d&rsquo;\u00e9ducation populaire\u00a0(r\u00e9gie par la loi\u00a0du 1er juillet 1901)\u00a0dont le\u00a0but essentiel est d&rsquo;apporter son aide au groupe scolaire public Henri Lesage (\u00e9coles maternelle et primaire). Il s&rsquo;agit d&rsquo;un soutien moral, financier et actif, pour promouvoir la la\u00efcit\u00e9 en tant que syst\u00e8me \u00e9ducatif.<\/p>\n<p style=\"text-align: justify;\">Les amicalistes se r\u00e9unissent une fois par mois pour organiser de nombreux\u00a0\u00e9v\u00e9nements tout au long de l&rsquo;ann\u00e9e et d\u00e9cider des aides \u00e0 apporter aux projets scolaires.<\/p>\n<p><b>Assembl\u00e9e G\u00e9n\u00e9rale<\/b><\/p>\n<p style=\"text-align: justify;\">L&rsquo;assembl\u00e9e g\u00e9n\u00e9rale se d\u00e9roule \u00e0 chaque rentr\u00e9e scolaire, vers la fin septembre. Les membres, les parents d\u2019\u00e9l\u00e8ves et les enseignants sont invit\u00e9s \u00e0 se r\u00e9unir pour le bilan moral et financier de l&rsquo;ann\u00e9e \u00e9coul\u00e9e mais \u00e9galement pour \u00e9lire le conseil d&rsquo;administration.<\/p>\n<p style=\"text-align: justify;\">C&rsquo;est aussi l&rsquo;occasion de d\u00e9couvrir l&rsquo;amicale la\u00efque, de soutenir ses b\u00e9n\u00e9voles et d&rsquo;accueillir les nouveaux membres.<\/p>\n<p><span style=\"text-decoration: underline;\">Bureau \u00e9lu lors du conseil d&rsquo;administration du\u00a0 :<br \/><\/span><\/p>\n<p style=\"padding-left: 40px;\">Pr\u00e9sident : <\/p>\n<p style=\"padding-left: 40px;\">Vice-pr\u00e9sidente : <\/p>\n<p style=\"padding-left: 40px;\">Tr\u00e9sori\u00e8re : <\/p>\n<p style=\"padding-left: 40px;\">Tr\u00e9sorier\u00b7e\u00b7s adjoint\u00b7e\u00b7s : <\/p>\n<p style=\"padding-left: 40px;\">Secr\u00e9taire : <\/p>\n<p style=\"padding-left: 40px;\">Secr\u00e9taires adjoint\u00b7e\u00b7s : <\/p>\n<p><span style=\"text-decoration: underline;\">Membres<\/span><\/p>\n<p style=\"padding-left: 40px;\">\u00a0<\/p>\n<p><span style=\"text-decoration: underline;\">Membres de droit<\/span><\/p>\n<p>\u00a0<\/p>\n<p><strong>La FAL &#8211; F\u00e9d\u00e9ration des Amicales La\u00efques<\/strong><\/p>\n<p>Les diff\u00e9rentes amicales la\u00efques du d\u00e9partement sont regroup\u00e9es au sein de La F\u00e9d\u00e9ration des Amicales La\u00efques de Loire Atlantique (FAL44) qui est une structure d\u00e9partementale. Il existe \u00e9galement 22 unions r\u00e9gionales, et une structure nationale : la <a href=\"http:\/\/laligue.org\/\" target=\"_blank\" rel=\"noopener noreferrer\">Ligue de l&rsquo;enseignement<\/a>.<br \/>La FAL 44 apporte un soutien aux amicales (formations, conseils&#8230;).<\/p>\n<p><span style=\"text-decoration: underline;\">Contact<\/span><\/p>\n<p>9\/11 rue des Olivettes &#8211; 44000 Nantes<br \/>T\u00e9l : 02 51 86 33 20<br \/>Fax : 02 40 29 14 97<br \/>http:\/\/www.fal44.org<\/p>\n\n\n<p><\/p>\n","protected":false},"excerpt":{"rendered":"<p>Pr\u00e9sentation Cr\u00e9\u00e9e en 1954, l&rsquo;Amicale La\u00efque de Beautour est une association d&rsquo;\u00e9ducation populaire\u00a0(r\u00e9gie par la loi\u00a0du 1er juillet 1901)\u00a0dont le\u00a0but essentiel est d&rsquo;apporter son aide au groupe scolaire public Henri Lesage (\u00e9coles maternelle et primaire). Il s&rsquo;agit d&rsquo;un soutien moral,&#8230; <a class=\"more-link\" href=\"https:\/\/albeautour.asso.st\/index.php\/lamicale-laique\/\">Continue Reading &rarr;<\/a><\/p>\n","protected":false},"author":1,"featured_media":0,"parent":0,"menu_order":0,"comment_status":"closed","ping_status":"closed","template":"","meta":{"footnotes":""},"class_list":["post-19","page","type-page","status-publish","hentry"],"_links":{"self":[{"href":"https:\/\/albeautour.asso.st\/index.php\/wp-json\/wp\/v2\/pages\/19","targetHints":{"allow":["GET"]}}],"collection":[{"href":"https:\/\/albeautour.asso.st\/index.php\/wp-json\/wp\/v2\/pages"}],"about":[{"href":"https:\/\/albeautour.asso.st\/index.php\/wp-json\/wp\/v2\/types\/page"}],"author":[{"embeddable":true,"href":"https:\/\/albeautour.asso.st\/index.php\/wp-json\/wp\/v2\/users\/1"}],"replies":[{"embeddable":true,"href":"https:\/\/albeautour.asso.st\/index.php\/wp-json\/wp\/v2\/comments?post=19"}],"version-history":[{"count":26,"href":"https:\/\/albeautour.asso.st\/index.php\/wp-json\/wp\/v2\/pages\/19\/revisions"}],"predecessor-version":[{"id":1163,"href":"https:\/\/albeautour.asso.st\/index.php\/wp-json\/wp\/v2\/pages\/19\/revisions\/1163"}],"wp:attachment":[{"href":"https:\/\/albeautour.asso.st\/index.php\/wp-json\/wp\/v2\/media?parent=19"}],"curies":[{"name":"wp","href":"https:\/\/api.w.org\/{rel}","templated":true}]}}