{"id":123,"date":"2015-11-05T21:59:03","date_gmt":"2015-11-05T20:59:03","guid":{"rendered":"http:\/\/localhost\/albeautour\/?page_id=123"},"modified":"2015-11-08T23:34:59","modified_gmt":"2015-11-08T22:34:59","slug":"deguisement","status":"publish","type":"page","link":"https:\/\/albeautour.asso.st\/index.php\/deguisement\/","title":{"rendered":"D\u00e9guisements"},"content":{"rendered":"<p>La section d\u00e9guisement g\u00e8re le stock et le\u00a0catalogue d&rsquo;inventaire \u2013 non exhaustif- des d\u00e9guisements r\u00e9alis\u00e9s durant de nombreuses ann\u00e9es par\u00a0Mme Tessier Alphonsine, qui a connue l\u2019\u00e9cole Henri Lesage et l\u2019Amicale d\u00e8s ses d\u00e9buts en\u00a01954.<\/p>\n<p>C&rsquo;est en effet principalement elle, qui chaque ann\u00e9e, r\u00e9alisait les d\u00e9guisements port\u00e9s par les enfants lors des spectacles de fin d&rsquo;ann\u00e9e. C&rsquo;est ainsi que les placards de l&rsquo;amicale sont remplis de centaines de costumes qu&rsquo;elle avait r\u00e9alis\u00e9 au fil des ans, et qu&rsquo;elle entretenait lavait et rangeait avec soin. C&rsquo;est elle aussi qui participait activement \u00e0 la pr\u00e9paration de la f\u00eate (stand des enveloppes, emballage des lots de p\u00eaches \u00e0 la ligne, r\u00e9alisation de lots, de g\u00e2teaux &#8230;). Tr\u00e8s assidue aux r\u00e9unions de l&rsquo;amicale, elle ne comptait pas son temps pour l&rsquo;amicale, l&rsquo;\u00e9cole et les enfants. Peu avant son d\u00e9c\u00e8s en mai 2002, elle participait encore \u00e0 la vie de l\u2019amicale et de l\u2019\u00e9cole.<\/p>\n<p>Afin que ce travail ne soit pas perdu, des amicalistes ont repris le flambeau, et ont r\u00e9alis\u00e9 un important travail d\u2019inventaire, de tri, lavage, essayage et rangement. Ce\u00a0catalogue en est l\u2019aboutissement, afin de faciliter les pr\u00eats de costumes. Nous comptons sur vous pour que les d\u00e9guisements restent en bon \u00e9tat\u2026<\/p>\n","protected":false},"excerpt":{"rendered":"<p>La section d\u00e9guisement g\u00e8re le stock et le\u00a0catalogue d&rsquo;inventaire \u2013 non exhaustif- des d\u00e9guisements r\u00e9alis\u00e9s durant de nombreuses ann\u00e9es par\u00a0Mme Tessier Alphonsine, qui a connue l\u2019\u00e9cole Henri Lesage et l\u2019Amicale d\u00e8s ses d\u00e9buts en\u00a01954. C&rsquo;est en effet principalement elle, qui&#8230; <a class=\"more-link\" href=\"https:\/\/albeautour.asso.st\/index.php\/deguisement\/\">Continue Reading &rarr;<\/a><\/p>\n","protected":false},"author":1,"featured_media":0,"parent":0,"menu_order":0,"comment_status":"closed","ping_status":"closed","template":"","meta":{"footnotes":""},"class_list":["post-123","page","type-page","status-publish","hentry"],"_links":{"self":[{"href":"https:\/\/albeautour.asso.st\/index.php\/wp-json\/wp\/v2\/pages\/123","targetHints":{"allow":["GET"]}}],"collection":[{"href":"https:\/\/albeautour.asso.st\/index.php\/wp-json\/wp\/v2\/pages"}],"about":[{"href":"https:\/\/albeautour.asso.st\/index.php\/wp-json\/wp\/v2\/types\/page"}],"author":[{"embeddable":true,"href":"https:\/\/albeautour.asso.st\/index.php\/wp-json\/wp\/v2\/users\/1"}],"replies":[{"embeddable":true,"href":"https:\/\/albeautour.asso.st\/index.php\/wp-json\/wp\/v2\/comments?post=123"}],"version-history":[{"count":4,"href":"https:\/\/albeautour.asso.st\/index.php\/wp-json\/wp\/v2\/pages\/123\/revisions"}],"predecessor-version":[{"id":384,"href":"https:\/\/albeautour.asso.st\/index.php\/wp-json\/wp\/v2\/pages\/123\/revisions\/384"}],"wp:attachment":[{"href":"https:\/\/albeautour.asso.st\/index.php\/wp-json\/wp\/v2\/media?parent=123"}],"curies":[{"name":"wp","href":"https:\/\/api.w.org\/{rel}","templated":true}]}}